{"id":34,"date":"2018-02-12T17:13:57","date_gmt":"2018-02-12T16:13:57","guid":{"rendered":"http:\/\/meval.it\/?page_id=34"},"modified":"2021-09-03T17:34:06","modified_gmt":"2021-09-03T15:34:06","slug":"sistemi-di-sicurezza-steel-project","status":"publish","type":"page","link":"https:\/\/meval.it\/index.php\/sistemi-di-sicurezza-steel-project\/","title":{"rendered":"Sistemi di sicurezza &#8211; Steel Project"},"content":{"rendered":"<p style=\"text-align: center;\"><img loading=\"lazy\" class=\"alignnone size-full wp-image-235\" src=\"http:\/\/meval.it\/wp-content\/uploads\/2018\/02\/LOGO-STEEL-PROJECT-NUOVO.jpg\" alt=\"\" width=\"300\" height=\"128\" \/><\/p>\n<p style=\"text-align: center;\"><span style=\"color: #444444;\"><span style=\"font-size: 36px;\"><span style=\"font-family: tahoma,geneva,sans-serif;\">Tutta la sicurezza per la tua casa firmata Steel Project.<\/span><\/span><\/span><\/p>\n<p style=\"text-align: center;\"><span style=\"color: #444444;\"><span style=\"font-family: tahoma,geneva,sans-serif;\">Steel project si dedica alla realizzazione di sistemi di sicurezza come inferriate e cancelletti, con un&#8217;attenzione particolare anche all&#8217;aspetto estetico, affinch\u00e8 si possano installare protezioni in linea con lo stile architettonico degli edifici. Per offrire le migliori alternative Steel Project impiega le pi\u00f9 recenti tecnologie curando gli aspetti meccanici ed elettronici di ogni prodotto. In questo modo viene garantita qualit\u00e0 e affidabilit\u00e0 dei sistemi Steel Project. Questo spiccato indirizzo verso l&#8217;innovazione ha portato Meval a scegliere Steel Project per i suoi punti vendita di Milano e Cormano.\u00a0Steel Project si dedica completamente alla sicurezza delle abitazioni affiancando alle grate di sicurezza un&#8217;intera gamma di porte blindate e persiane di sicurezza.<\/span><\/span><\/p>\n<p style=\"text-align: center;\"><span style=\"font-family: tahoma,geneva,sans-serif;\"><a href=\"http:\/\/www.steel-project.com\/index\/it\/index.html\" target=\"_blank\" rel=\"noopener\">&gt; Maggiori informazioni sull&#8217;azienda\u00a0Steel Project.<\/a><\/span><\/p>\n<p style=\"text-align: center;\"><img loading=\"lazy\" class=\"alignnone size-full wp-image-44\" src=\"http:\/\/meval.it\/wp-content\/uploads\/2018\/02\/linea.jpg\" alt=\"\" width=\"417\" height=\"1\" srcset=\"https:\/\/meval.it\/wp-content\/uploads\/2018\/02\/linea.jpg 417w, https:\/\/meval.it\/wp-content\/uploads\/2018\/02\/linea-150x1.jpg 150w, https:\/\/meval.it\/wp-content\/uploads\/2018\/02\/linea-300x1.jpg 300w, https:\/\/meval.it\/wp-content\/uploads\/2018\/02\/linea-270x1.jpg 270w, https:\/\/meval.it\/wp-content\/uploads\/2018\/02\/linea-230x1.jpg 230w\" sizes=\"(max-width: 417px) 100vw, 417px\" \/><\/p>\n<h2 style=\"text-align: center;\"><span style=\"font-size: 36px;\"><span style=\"color: #444444;\"><span style=\"font-family: tahoma,geneva,sans-serif;\">Le grate di sicurezza.<\/span><\/span><\/span><\/h2>\n<p style=\"text-align: center;\"><span style=\"color: #444444;\"><span style=\"font-family: tahoma,geneva,sans-serif;\">Il massimo grado di innovazione in casa Steel Project \u00e8 rappresentato da Reversa, la prima grata di sicurezza con lo snodo brevettato autobloccante a scomparsa che dona un aspeto pulito, senza antiestetici meccanismi a vista, e che al contempo ha una resistenza assimilabile a quella di una tradizionale grata a battente. Reversa ha un ingombro minimo che si integra perfettamente con gli infissi e, su richiesta, \u00e8 possibile avere la possibilit\u00e0 dell&#8217;apertura parziale verso l&#8217;interno in modo da rendere pi\u00f9 semplice l&#8217;apertura e chiusura di eventuali persiane e scuri. Il cliente ha inoltre l&#8217;opportunit\u00e0 di personalizzare il telaio che verr\u00e0 realizzato ad hoc per un&#8217;installazione perfetta e curata.<\/span><\/span><\/p>\n<p style=\"text-align: center;\"><img loading=\"lazy\" width=\"2000\" height=\"1000\" class=\"alignnone size-full wp-image-233\" style=\"width: 100%;\" src=\"http:\/\/meval.it\/wp-content\/uploads\/2018\/02\/Steel-Project-1.jpg\" alt=\"\" srcset=\"https:\/\/meval.it\/wp-content\/uploads\/2018\/02\/Steel-Project-1.jpg 2000w, https:\/\/meval.it\/wp-content\/uploads\/2018\/02\/Steel-Project-1-300x150.jpg 300w, https:\/\/meval.it\/wp-content\/uploads\/2018\/02\/Steel-Project-1-768x384.jpg 768w, https:\/\/meval.it\/wp-content\/uploads\/2018\/02\/Steel-Project-1-1024x512.jpg 1024w\" sizes=\"(max-width: 2000px) 100vw, 2000px\" \/><\/p>\n<p style=\"text-align: center;\"><a href=\"https:\/\/www.steel-project.com\/prodotti\/grate-e-persiane-di-sicurezza\/reversa.html\" target=\"_blank\" rel=\"noopener\"><span style=\"font-family: tahoma,geneva,sans-serif;\">&gt; Scopri di pi\u00f9 su Reversa.<\/span><\/a><\/p>\n<p style=\"text-align: center;\"><img loading=\"lazy\" class=\"alignnone size-full wp-image-44\" src=\"http:\/\/meval.it\/wp-content\/uploads\/2018\/02\/linea.jpg\" alt=\"\" width=\"417\" height=\"1\" srcset=\"https:\/\/meval.it\/wp-content\/uploads\/2018\/02\/linea.jpg 417w, https:\/\/meval.it\/wp-content\/uploads\/2018\/02\/linea-150x1.jpg 150w, https:\/\/meval.it\/wp-content\/uploads\/2018\/02\/linea-300x1.jpg 300w, https:\/\/meval.it\/wp-content\/uploads\/2018\/02\/linea-270x1.jpg 270w, https:\/\/meval.it\/wp-content\/uploads\/2018\/02\/linea-230x1.jpg 230w\" sizes=\"(max-width: 417px) 100vw, 417px\" \/><\/p>\n<h2 style=\"text-align: center;\"><span style=\"font-size: 36px;\"><span style=\"color: #444444;\"><span style=\"font-family: tahoma,geneva,sans-serif;\">Le porte blindate.<\/span><\/span><\/span><\/h2>\n<p style=\"text-align: center;\"><span style=\"color: #444444;\"><span style=\"font-family: tahoma,geneva,sans-serif;\">Per Steel Project il portone di ingresso non \u00e8 solo un divisorio tra la casa e il mondo esterno.\u00a0E&#8217; un oggetto d&#8217;arredo che deve garantire sicurezza e riservatezza ma al tempo stesso conferire carattere e atmosfera all&#8217;ambiente. Per questo vengono impiegate le migliori tecnologie per unire nel migliore dei modi la robustezza dell&#8217;acciaio alle componenti estetiche e agli innumerevoli rivestimenti che potrai scegliere da Meval, nei suoi punti vendita di Milano e Cormano.<\/span><\/span><\/p>\n<p style=\"text-align: center;\"><img loading=\"lazy\" width=\"2000\" height=\"1000\" class=\"alignnone size-full wp-image-397\" style=\"width: 100%;\" src=\"http:\/\/meval.it\/wp-content\/uploads\/2018\/02\/stone.jpg\" alt=\"\" srcset=\"https:\/\/meval.it\/wp-content\/uploads\/2018\/02\/stone.jpg 2000w, https:\/\/meval.it\/wp-content\/uploads\/2018\/02\/stone-300x150.jpg 300w, https:\/\/meval.it\/wp-content\/uploads\/2018\/02\/stone-768x384.jpg 768w, https:\/\/meval.it\/wp-content\/uploads\/2018\/02\/stone-1024x512.jpg 1024w\" sizes=\"(max-width: 2000px) 100vw, 2000px\" \/><\/p>\n<p style=\"text-align: center;\"><span style=\"font-family: tahoma,geneva,sans-serif;\"><a href=\"https:\/\/www.steel-project.com\/porte-blindate.html\" target=\"_blank\" rel=\"noopener\">&gt; Scopri le collezioni di porte blindate Steel Project.<\/a><\/span><\/p>\n<p style=\"text-align: center;\"><img loading=\"lazy\" class=\"alignnone size-full wp-image-44\" src=\"http:\/\/meval.it\/wp-content\/uploads\/2018\/02\/linea.jpg\" alt=\"\" width=\"417\" height=\"1\" srcset=\"https:\/\/meval.it\/wp-content\/uploads\/2018\/02\/linea.jpg 417w, https:\/\/meval.it\/wp-content\/uploads\/2018\/02\/linea-150x1.jpg 150w, https:\/\/meval.it\/wp-content\/uploads\/2018\/02\/linea-300x1.jpg 300w, https:\/\/meval.it\/wp-content\/uploads\/2018\/02\/linea-270x1.jpg 270w, https:\/\/meval.it\/wp-content\/uploads\/2018\/02\/linea-230x1.jpg 230w\" sizes=\"(max-width: 417px) 100vw, 417px\" \/><\/p>\n<h2 style=\"text-align: center;\"><span style=\"font-size: 36px;\"><span style=\"color: #444444;\"><span style=\"font-family: tahoma,geneva,sans-serif;\">Le persiane di sicurezza.<\/span><\/span><\/span><\/h2>\n<p style=\"text-align: center;\"><span style=\"color: #444444;\"><span style=\"font-family: tahoma,geneva,sans-serif;\">Le persiane Steel Project svolgono la doppia funzione di oscurare dalla luce naturale e di proteggere da eventuali malintenzionati. In particolare la serie Tekna rappresenta la soluzione migliore per chi non vuol rinunciare alla personalizzazione dei propri serramenti. Tale sistema \u00e8 disponibile a singolo o doppio battente, con ante a libro o a ribalta e con\u00a0telaio personalizzabile. La sicurezza \u00e8 garantita dal suo sistema di chiusura con serratura a cilindro triplice e la presenza di due paletti verticali nell&#8217;anta secondaria che ne consolidano il grado di sicurezza.\u00a0<\/span><\/span><\/p>\n<p style=\"text-align: center;\"><img loading=\"lazy\" width=\"2000\" height=\"1000\" class=\"alignnone size-full wp-image-400\" style=\"width: 100%;\" src=\"http:\/\/meval.it\/wp-content\/uploads\/2018\/02\/tekna.jpg\" alt=\"\" srcset=\"https:\/\/meval.it\/wp-content\/uploads\/2018\/02\/tekna.jpg 2000w, https:\/\/meval.it\/wp-content\/uploads\/2018\/02\/tekna-300x150.jpg 300w, https:\/\/meval.it\/wp-content\/uploads\/2018\/02\/tekna-768x384.jpg 768w, https:\/\/meval.it\/wp-content\/uploads\/2018\/02\/tekna-1024x512.jpg 1024w\" sizes=\"(max-width: 2000px) 100vw, 2000px\" \/><\/p>\n<p style=\"text-align: center;\">\u00a0<span style=\"font-family: tahoma,geneva,sans-serif;\"><a href=\"https:\/\/www.steel-project.com\/prodotti\/grate-e-persiane-di-sicurezza\/tekna.html\" target=\"_blank\" rel=\"noopener\">&gt; Alla scoperta di Tekna.<\/a>\u00a0<\/span><\/p>\n<p style=\"text-align: center;\"><img loading=\"lazy\" class=\"alignnone size-full wp-image-44\" src=\"http:\/\/meval.it\/wp-content\/uploads\/2018\/02\/linea.jpg\" alt=\"\" width=\"417\" height=\"1\" srcset=\"https:\/\/meval.it\/wp-content\/uploads\/2018\/02\/linea.jpg 417w, https:\/\/meval.it\/wp-content\/uploads\/2018\/02\/linea-150x1.jpg 150w, https:\/\/meval.it\/wp-content\/uploads\/2018\/02\/linea-300x1.jpg 300w, https:\/\/meval.it\/wp-content\/uploads\/2018\/02\/linea-270x1.jpg 270w, https:\/\/meval.it\/wp-content\/uploads\/2018\/02\/linea-230x1.jpg 230w\" sizes=\"(max-width: 417px) 100vw, 417px\" \/><\/p>\n<h2 style=\"text-align: center;\">\u00a0<span style=\"color: #444444;\"><span style=\"font-size: 36px;\"><span style=\"font-family: tahoma,geneva,sans-serif;\">Gallery Steel Project.<\/span><\/span><\/span><\/h2>\n<p style=\"text-align: center;\"><section id=\"huge_it_portfolio_container_5\" data-object-name=\"images_obj_5\">\n\t<div id=\"huge-it-container-loading-overlay_5\"><\/div>\n\t<div id=\"huge_it_portfolio_content_5\"\n\t\t\t class=\"portfolio-gallery-content elastic_grid view-elastic-grid\"\n\t\t \t data-show-loading=\"on\"\n\t\t\t data-image-behaviour=\"crop\">\n\n\t<\/div>\n<\/section><style>\n#huge_it_portfolio_container_5 ul#portfolio-filter {\n text-align: center;\n}\n\n#huge_it_portfolio_container_5 ul#portfolio-filter li {\n float: none;\n}\n\n#huge_it_portfolio_container_5 ul#portfolio-filter a {\n    display: inline-block;\n    color: #444444;\n    background-color: #F7F7F7;\n    padding: 8px;\n    border-radius: 4px;\n    -moz-border-radius: 4px;\n    -webkit-border-radius: 4px;\n}\n\n#huge_it_portfolio_container_5 ul#portfolio-filter li.current a {\n    color: #fff !important;\n    background-color: #666 !important;\n}\n\n#huge_it_portfolio_container_5 ul#portfolio-filter li.current a:hover {\n    color: #fff !important;\n    background-color: #666 !important;\n}\n\n#huge_it_portfolio_container_5 ul#portfolio-filter a:hover {\n    color: #fff;\n    background-color: #FF3845;\n}\n\n#huge_it_portfolio_container_5 #huge-it-container-loading-overlay_5 {\n    width: 100%;\n    height: 100%;\n    position: absolute;\n    z-index: 1;\n    background: url(https:\/\/meval.it\/wp-content\/plugins\/portfolio-gallery-master\/assets\/images\/loading\/loading-4.svg) center top;\n    background-repeat: no-repeat;\n    background-size: 60px auto;\n}\n\n#huge_it_portfolio_container_5 #huge_it_portfolio_content_5 {\n opacity: 0;\n}\n\n#huge_it_portfolio_container_5 {\n    position: relative;\n    display: inline-block;\n    width: 100%;\n}\n\n#huge_it_portfolio_content_5 .wagwep-container {\n display: none;\n}\n\n#huge_it_portfolio_content_5 ul.og-grid {\n    padding: 0;\n text-align: center;\n}\n\n#huge_it_portfolio_content_5 .og-grid > li {\n    width: 250px;\n    height: 150px;\n margin: 10px 5px 0 5px;\n}\n\n#huge_it_portfolio_content_5 .og-grid > li > a {\n    width: 100%;\n    height: 100%;\n    overflow: hidden;\n    box-shadow: none;\n    max-height: 150px;\n    border: solid #DEDEDE 0px;\n}\n\n#huge_it_portfolio_content_5 .og-grid li > a > img {\n max-width: none;\n    max-height: none;\n}\n\n#huge_it_portfolio_content_5 .og-grid > li > a > figure > span {\n    padding: 10px 0;\n    margin: 40px 20px 20px 20px;\n    color: #FFFFFF;\n    border-bottom: solid #FFFFFF 1px;\n    font-size: 16px;\n    text-align: center;\n}\n\n#huge_it_portfolio_content_5 .og-grid > li .og-pointer {\n    border-bottom-color: #222222;\n}\n\n#huge_it_portfolio_content_5 .og-grid > li > a > figure {\n    background: rgba(72,72,72,0.7) ;\n    margin: 0;\n}\n\n#huge_it_portfolio_content_5 .og-expander {\n    width: 100%;\n    background: rgba(34,34,34,1) ;\n left: 50%;\n    transform: translateX(-50%);\n}\n\n#huge_it_portfolio_content_5 .og-expander .elastislide-wrapper {\n    background-color: #313131;\n box-shadow: inset 0 0 10px #000;\n    -moz-box-shadow: inset 0 0 10px #000;\n    -webkit-box-shadow: inset 0 0 10px #000;\n    margin-bottom: 25px;\n    height: 100px;\n    box-sizing: content-box;\n}\n\n#huge_it_portfolio_content_5 .og-expander ul.elastislide-list {\n    padding: 0;\n}\n\n#huge_it_portfolio_content_5 .og-expander ul.elastislide-list li {\n    margin: 0 2% 5px 1%;\n    max-width: none !important;\n    max-height: none !important;\n    width: 100px !important;\n    height: 100px !important;\n}\n\n#huge_it_portfolio_content_5 .og-expander ul.elastislide-list li > a > img {\n    width: 100%;\n    height: 100%;\n    max-width: none;\n    max-height: none;\n    border: 2px solid #313131px;\n}\n\n#huge_it_portfolio_content_5 .og-expander ul.elastislide-list li > a > img.selected {\n    border: 2px solid #999999;\n}\n\n#huge_it_portfolio_content_5 .og-expander ul.elastislide-list li > a {\n    width: 100%;\n    height: 100%;\n}\n\n#huge_it_portfolio_content_5 .og-expander .og-details a.link-button {\n    font-size: 11px;\n    color: #9f9f9f;\n    background-color: #454545;\n    box-shadow: none;\n}\n\n#huge_it_portfolio_content_5 .og-expander .og-details a.link-button:hover {\n    color: #999;\n    background: -webkit-gradient(\n        linear, left top, left bottom,\n        from(#454545),\n        to(#131313));\n}\n\n#huge_it_portfolio_content_5 .og-expander .og-expander-inner {\n    display: inline-block;\n    width: 100%;\n}\n\n#huge_it_portfolio_content_5 .og-expander .og-details p {\n    font-size: 13px;\n    color: #999;\n    text-align: left;\n    margin: 0;\n}\n\n#huge_it_portfolio_content_5 .og-expander .og-close {\n    z-index: 999;\n}\n\n#huge_it_portfolio_content_5 .og-expander .og-details {\n    float: right;\n    height: auto;\n}\n\n#huge_it_portfolio_content_5 .og-expander .og-details h3 {\n    color: #FFFFFF;\n}\n\n#huge_it_portfolio_content_5 .og-fullimg {\n    height: 100%;\n    float: left;\n}\n\n#huge_it_portfolio_content_5 .og-fullimg img {\n    margin-bottom: 25px;\n    width: 100%;\n}\n\n#huge_it_portfolio_content_5 .og-fullimg iframe {\n    width: 100%;\n    border: none;\n    height: 82%!important;\n}\n\n@media (max-width: 767px){\n    #huge_it_portfolio_content_5 .og-fullimg {\n        height: auto;\n    }\n}\n\n<\/style ><\/p>\n<p style=\"text-align: center;\">\n","protected":false},"excerpt":{"rendered":"<p>Tutta la sicurezza per la tua casa firmata Steel Project. Steel project si dedica alla realizzazione di sistemi di sicurezza come inferriate e cancelletti, con un&#8217;attenzione particolare anche all&#8217;aspetto estetico, affinch\u00e8 si possano installare protezioni in linea con lo stile<\/p>\n","protected":false},"author":1,"featured_media":0,"parent":0,"menu_order":12,"comment_status":"closed","ping_status":"closed","template":"","meta":[],"aioseo_notices":[],"_links":{"self":[{"href":"https:\/\/meval.it\/index.php\/wp-json\/wp\/v2\/pages\/34"}],"collection":[{"href":"https:\/\/meval.it\/index.php\/wp-json\/wp\/v2\/pages"}],"about":[{"href":"https:\/\/meval.it\/index.php\/wp-json\/wp\/v2\/types\/page"}],"author":[{"embeddable":true,"href":"https:\/\/meval.it\/index.php\/wp-json\/wp\/v2\/users\/1"}],"replies":[{"embeddable":true,"href":"https:\/\/meval.it\/index.php\/wp-json\/wp\/v2\/comments?post=34"}],"version-history":[{"count":13,"href":"https:\/\/meval.it\/index.php\/wp-json\/wp\/v2\/pages\/34\/revisions"}],"predecessor-version":[{"id":572,"href":"https:\/\/meval.it\/index.php\/wp-json\/wp\/v2\/pages\/34\/revisions\/572"}],"wp:attachment":[{"href":"https:\/\/meval.it\/index.php\/wp-json\/wp\/v2\/media?parent=34"}],"curies":[{"name":"wp","href":"https:\/\/api.w.org\/{rel}","templated":true}]}}