{"id":28,"date":"2018-02-12T17:12:10","date_gmt":"2018-02-12T16:12:10","guid":{"rendered":"http:\/\/meval.it\/?page_id=28"},"modified":"2021-02-23T18:21:31","modified_gmt":"2021-02-23T17:21:31","slug":"privacy-cookie-policy","status":"publish","type":"page","link":"https:\/\/meval.it\/index.php\/privacy-cookie-policy\/","title":{"rendered":"Privacy &#038; Cookie Policy"},"content":{"rendered":"<h1 align=\"center\"><span style=\"color: #444444;\"><span style=\"font-family: tahoma,geneva,sans-serif;\"><span style=\"font-size: 22px;\"><u>Privacy &amp; Cookie Policy<\/u><\/span><\/span><\/span><\/h1>\n<p align=\"center\"><span style=\"color: #444444;\"><span style=\"font-family: tahoma,geneva,sans-serif;\">La presente informativa \u00e8 redatta per informarti dei principi in materia di riservatezza che regolano l\u2019uso da parte di Meval Srl dei dati forniti dai clienti, compresi i dati raccolti attraverso questo sito internet. Si descrivono le modalit\u00e0 di gestione del sito in riferimento al trattamento dei dati personali degli utenti\u00a0 che lo consultano.<\/span><\/span><\/p>\n<p align=\"center\"><span style=\"color: #444444;\"><span style=\"font-family: tahoma,geneva,sans-serif;\">Si tratta di un&#8217;informativa che \u00e8 resa ai sensi del\u00a0GDPR General Data Protection Regulation\u00a0&#8211;\u00a0Regolamento UE 2016\/679<\/span><span style=\"font-family: tahoma,geneva,sans-serif;\"> a coloro che interagiscono con i servizi Web di Meval Srl, accessibili per via telematica a partire dall&#8217;indirizzo: http:\/\/www.meval.it corrispondente alla pagina iniziale del sito ufficiale di Meval Srl.<\/span><\/span><\/p>\n<p align=\"center\"><span style=\"color: #444444;\"><span style=\"font-family: tahoma,geneva,sans-serif;\">L&#8217;informativa \u00e8 resa solo per il presente sito internet e non anche per altri siti Web eventualmente consultati dall&#8217;utente tramite link presenti su questo sito.<\/span><\/span><\/p>\n<p align=\"center\"><span style=\"color: #444444;\"><span style=\"font-family: tahoma,geneva,sans-serif;\">TITOLARE E RESPONSABILE DEL TRATTAMENTO<\/span><\/span><\/p>\n<p align=\"center\"><span style=\"color: #444444;\"><span style=\"font-family: tahoma,geneva,sans-serif;\">A seguito della consultazione di questo sito possono essere trattati dati relativi a persone identificate o identificabili. Il titolare del trattamento dei dati \u00e8 Meval Srl con sede in Via Trevi, 4 &#8211; Milano (MI),\u00a0P.IVA 11457250154.<\/span><\/span><\/p>\n<p align=\"center\"><span style=\"color: #444444;\"><span style=\"font-family: tahoma,geneva,sans-serif;\">Il nominativo del responsabile del trattamento \u00e8 disponibile presso la predetta sede del titolare.<\/span><\/span><\/p>\n<p align=\"center\"><span style=\"color: #444444;\"><span style=\"font-family: tahoma,geneva,sans-serif;\">SOGGETTI AUTORIZZATI AL TRATTAMENTO E LUOGO DI TRATTAMENTO DEI DATI<\/span><\/span><\/p>\n<p align=\"center\"><span style=\"color: #444444;\"><span style=\"font-family: tahoma,geneva,sans-serif;\">I trattamenti connessi ai servizi Web di questo sito hanno luogo presso la predetta sede di Meval Srl e presso il punto vendita di Via Bizzozzero, 67 &#8211; Cormano (MI)\u00a0e sono curati solo da personale interno incaricato del trattamento, oppure da eventuali incaricati di occasionali operazioni di manutenzione e gestione del sito. Nessun dato derivante dal servizio web viene comunicato o diffuso.<\/span><\/span><\/p>\n<p align=\"center\"><span style=\"color: #444444;\"><span style=\"font-family: tahoma,geneva,sans-serif;\">DATI TRATTATI E FINALITA\u2019<\/span><\/span><\/p>\n<p align=\"center\"><span style=\"color: #444444;\"><span style=\"font-family: tahoma,geneva,sans-serif;\"><em>Dati di navigazione &#8211;\u00a0<\/em>I sistemi informatici e le procedure software preposte al funzionamento di questo sito Web acquisiscono, nel corso del loro normale esercizio, alcuni dati personali la cui trasmissione \u00e8 implicita nell&#8217;uso dei protocolli di comunicazione di Internet.<\/span><\/span><\/p>\n<p align=\"center\"><span style=\"color: #444444;\"><span style=\"font-family: tahoma,geneva,sans-serif;\">Si tratta di informazioni che non sono raccolte per essere associate a interessati identificati, ma che per loro stessa natura potrebbero, attraverso elaborazioni ed associazioni con dati detenuti da terzi, permettere di identificare gli utenti. In questa categoria di dati rientrano gli indirizzi IP o i nomi a dominio dei computer utilizzati dagli utenti che si connettono al sito, gli indirizzi in notazione URI (Uniform Resource Identifier) delle risorse richieste, l&#8217;orario della richiesta, il metodo utilizzato nel sottoporre la richiesta al server, la dimensione del file ottenuto in risposta, il codice numerico indicante lo stato della risposta data dal server (buon fine, errore, ecc.) ed altri parametri relativi al sistema operativo e all&#8217;ambiente informatico dell&#8217;utente.<\/span><\/span><\/p>\n<p align=\"center\"><span style=\"color: #444444;\"><span style=\"font-family: tahoma,geneva,sans-serif;\">Questi dati vengono utilizzati al solo fine di ricavare informazioni statistiche anonime sull&#8217;uso del sito e per controllarne il corretto funzionamento. I dati potrebbero essere utilizzati per l&#8217;accertamento di responsabilit\u00e0 in caso di ipotetici reati informatici ai danni del sito solo su richiesta degli organi di vigilanza preposti.<\/span><\/span><\/p>\n<p align=\"center\"><span style=\"color: #444444;\"><span style=\"font-family: tahoma,geneva,sans-serif;\"><em>Dati forniti volontariamente dall&#8217;utente\u00a0<\/em><em>\u2013\u00a0<\/em>I dati personali forniti dall\u2019utente tramite form sono raccolti e trattati:<\/span><\/span><\/p>\n<p align=\"center\"><span style=\"color: #444444;\"><span style=\"font-family: tahoma,geneva,sans-serif;\">per lo svolgimento delle attivit\u00e0 di relazione con il cliente e per rispondere alle richieste dello stesso;<\/span><\/span><\/p>\n<p align=\"center\"><span style=\"color: #444444;\"><span style=\"font-family: tahoma,geneva,sans-serif;\">per per finalit\u00e0 amministrative e per l\u2019adempimento di obblighi di legge (es. di natura contabile, fiscale);<\/span><\/span><\/p>\n<p align=\"center\"><span style=\"color: #444444;\"><span style=\"font-family: tahoma,geneva,sans-serif;\">per l\u2019invio periodico tramite e-mail di newsletter e materiale pubblicitario, previo specifico consenso;<\/span><\/span><\/p>\n<p align=\"center\"><span style=\"color: #444444;\"><span style=\"font-family: tahoma,geneva,sans-serif;\">per ricevere comunicazioni promozionali o richieste per partecipare ad analisi e ricerche di mercato, previo specifico consenso;<\/span><\/span><\/p>\n<p align=\"center\"><span style=\"color: #444444;\"><span style=\"font-family: tahoma,geneva,sans-serif;\">esclusivamente per finalit\u00e0 di selezione, nel caso di invio di curriculum vitae.<\/span><\/span><\/p>\n<p align=\"center\"><span style=\"color: #444444;\"><span style=\"font-family: tahoma,geneva,sans-serif;\">Nei casi espressamente indicati la base giuridica che legittima il trattamento \u00e8 il consenso liberamente fornito dall\u2019utente, in alternativa l\u2019esecuzione di un contratto di cui l\u2019interessato \u00e8 parte.<\/span><\/span><\/p>\n<p align=\"center\"><span style=\"color: #444444;\"><span style=\"font-family: tahoma,geneva,sans-serif;\"><em>COOKIES &#8211;\u00a0<\/em>I cookies sono dati creati da un server che sono memorizzati in file di testo sull\u2019hard disk del Suo computer e consentono il funzionamento del presente sito internet, l\u2019uso di una specifica funzionalit\u00e0 esplicitamente richiesta dall\u2019utente ovvero permettono di migliorare il funzionamento di questo sito, come i cookie che rendono la navigazione pi\u00f9 veloce o che mostrano i contenuti di maggiore interesse per l\u2019utente in funzione delle scelte precedenti. I cookies possono essere permanenti (c.d. cookies persistenti), ma possono anche avere una durata limitata (c.d. cookies di sessione). Questo sito pu\u00f2 utilizzare sia cookies persistenti che di sessione. Quelli di sessione non vengono memorizzati in modo permanente sul Suo computer e svaniscono con la chiusura del browser. Quelli persistenti servono per personalizzare la navigazione in funzione dello strumento utilizzato dall\u2019utente (computer, tablet, smartphone) cos\u00ec come i cookies di terze parti che servono per analizzare gli accessi del sito (es. Google Analytics)\u00a0e per permettere agli utenti di condividere i contenuti del sito attraverso social network (FB) o e-mail (Add This). Questi cookies, vengono memorizzati in modo permanente sul Suo computer e hanno una durata variabile.<\/span><\/span><\/p>\n<p align=\"center\"><span style=\"color: #444444;\"><span style=\"font-family: tahoma,geneva,sans-serif;\">NATURA DEL CONFERIMENTO<\/span><\/span><\/p>\n<p align=\"center\"><span style=\"color: #444444;\"><span style=\"font-family: tahoma,geneva,sans-serif;\">A parte quanto specificato per i dati di navigazione, l&#8217;utente \u00e8 libero di fornire i dati personali riportati nei moduli di richiesta o comunque indicati in contatti per sollecitare l&#8217;invio di materiale informativo o di altre comunicazioni. Il loro mancato conferimento pu\u00f2 comportare l&#8217;impossibilit\u00e0 di ottenere quanto richiesto in forma anche anonima.<\/span><\/span><\/p>\n<p align=\"center\"><span style=\"color: #444444;\"><span style=\"font-family: tahoma,geneva,sans-serif;\">MODALITA\u2019 DI TRATTAMENTO E TEMPO DI CONSERVAZIONE DEI DATI<\/span><\/span><\/p>\n<p align=\"center\"><span style=\"color: #444444;\"><span style=\"font-family: tahoma,geneva,sans-serif;\">I dati personali sono trattati con strumenti automatizzati, informatici o mediante elaborazione manuale sempre nel rispetto della finalit\u00e0 per la quale i dati personali sono stati raccolti e in modo da garantire in ogni caso la sicurezza dei medesimi. I dati sono conservati\u00a0per il tempo strettamente necessario a conseguire gli scopi per cui sono stati\u00a0raccolti, nel rispetto delle normative vigenti e degli obblighi di legge.<\/span><\/span><\/p>\n<p align=\"center\"><span style=\"color: #444444;\"><span style=\"font-family: tahoma,geneva,sans-serif;\">DIRITTI DELL\u2019INTERESSATO<\/span><\/span><\/p>\n<p align=\"center\"><span style=\"color: #444444;\"><span style=\"font-family: tahoma,geneva,sans-serif;\">I soggetti cui si riferiscono i dati personali hanno il diritto in qualunque momento di ottenere la conferma dell&#8217;esistenza o meno dei medesimi dati e di conoscerne il contenuto e l&#8217;origine, verificarne l&#8217;esattezza o chiederne l&#8217;integrazione o l&#8217;aggiornamento, oppure la rettifica. Hanno altres\u00ec il diritto di chiedere la cancellazione, la trasformazione in forma anonima o il blocco dei dati trattati in violazione di legge, nonch\u00e8 di opporsi in ogni caso, per motivi legittimi, al loro trattamento. Questa informativa sulla privacy pu\u00f2 essere modificata periodicamente e l&#8217;uso delle informazioni raccolte \u00e8 soggetto all&#8217;informativa sulla privacy in effetto al momento dell&#8217;uso.<\/span><\/span><\/p>\n<p align=\"center\"><span style=\"color: #444444;\"><span style=\"font-family: tahoma,geneva,sans-serif;\">Il presente documento costituisce l\u2019informativa sulla Privacy di questo sito internet e sar\u00e0 soggetto ad aggiornamenti.<\/span><\/span><\/p>\n","protected":false},"excerpt":{"rendered":"<p>Privacy &amp; Cookie Policy La presente informativa \u00e8 redatta per informarti dei principi in materia di riservatezza che regolano l\u2019uso da parte di Meval Srl dei dati forniti dai clienti, compresi i dati raccolti attraverso questo sito internet. Si descrivono<\/p>\n","protected":false},"author":1,"featured_media":0,"parent":0,"menu_order":0,"comment_status":"closed","ping_status":"closed","template":"","meta":[],"aioseo_notices":[],"_links":{"self":[{"href":"https:\/\/meval.it\/index.php\/wp-json\/wp\/v2\/pages\/28"}],"collection":[{"href":"https:\/\/meval.it\/index.php\/wp-json\/wp\/v2\/pages"}],"about":[{"href":"https:\/\/meval.it\/index.php\/wp-json\/wp\/v2\/types\/page"}],"author":[{"embeddable":true,"href":"https:\/\/meval.it\/index.php\/wp-json\/wp\/v2\/users\/1"}],"replies":[{"embeddable":true,"href":"https:\/\/meval.it\/index.php\/wp-json\/wp\/v2\/comments?post=28"}],"version-history":[{"count":6,"href":"https:\/\/meval.it\/index.php\/wp-json\/wp\/v2\/pages\/28\/revisions"}],"predecessor-version":[{"id":514,"href":"https:\/\/meval.it\/index.php\/wp-json\/wp\/v2\/pages\/28\/revisions\/514"}],"wp:attachment":[{"href":"https:\/\/meval.it\/index.php\/wp-json\/wp\/v2\/media?parent=28"}],"curies":[{"name":"wp","href":"https:\/\/api.w.org\/{rel}","templated":true}]}}